{"id":40,"date":"2020-03-11T17:35:02","date_gmt":"2020-03-11T16:35:02","guid":{"rendered":"http:\/\/elyaz.fr\/?page_id=40"},"modified":"2020-05-13T01:05:41","modified_gmt":"2020-05-12T23:05:41","slug":"realisations","status":"publish","type":"page","link":"https:\/\/elyaz.fr\/?page_id=40","title":{"rendered":"Eclairage sur mesure"},"content":{"rendered":"\n<blockquote class=\"wp-block-quote\"><p><em>Pour plus de &nbsp;<strong>confort visuel<\/strong>&nbsp;avec&nbsp;<span style=\"font-weight: 600;\">ELYAZ<\/span><\/em>, <br>Nous r\u00e9alisons l\u2019<strong>\u00e9clairage int\u00e9rieur&nbsp;<\/strong>et<strong>&nbsp;ext\u00e9rieur&nbsp;<\/strong>de votre&nbsp;<strong>habitat,&nbsp;,<\/strong>de votre&nbsp;<strong>commerce&nbsp;ou&nbsp;de&nbsp;votre&nbsp;entreprise.<\/strong><br>Comp\u00e9tent, votre&nbsp;<strong>\u00e9lectricien installateur&nbsp;<\/strong>\u00e0<strong>&nbsp;Quimper&nbsp;<\/strong>vous propose&nbsp;<strong>l\u2019installation<\/strong>&nbsp;de plusieurs&nbsp;<strong>produits d\u2019\u00e9clairage<\/strong>&nbsp;tels que :<br>Les spots<br>Les lampes<br>Les ampoules<br>Les appliques<br>L\u2019\u00e9clairage LED<br>Les plafonniers<br>Les lampadaires<br>Les tubes fluorescents<br>Les suspensions luminaires\u2026<br>Les bandeaux LED<\/p><\/blockquote>\n\n\n\n<ul class=\"wp-block-gallery columns-0 is-cropped\"><\/ul>\n\n\n\n<ul class=\"wp-block-gallery columns-3 is-cropped\"><li class=\"blocks-gallery-item\"><figure><img loading=\"lazy\" width=\"1024\" height=\"768\" src=\"http:\/\/elyaz.fr\/wp-content\/uploads\/2020\/05\/IMG_9764-1024x768.jpg\" alt=\"\" data-id=\"277\" data-link=\"http:\/\/elyaz.fr\/?attachment_id=277\" class=\"wp-image-277\" srcset=\"https:\/\/elyaz.fr\/wp-content\/uploads\/2020\/05\/IMG_9764-1024x768.jpg 1024w, https:\/\/elyaz.fr\/wp-content\/uploads\/2020\/05\/IMG_9764-300x225.jpg 300w, https:\/\/elyaz.fr\/wp-content\/uploads\/2020\/05\/IMG_9764-768x576.jpg 768w\" sizes=\"(max-width: 1024px) 100vw, 1024px\" \/><\/figure><\/li><li class=\"blocks-gallery-item\"><figure><img loading=\"lazy\" width=\"300\" height=\"300\" src=\"http:\/\/elyaz.fr\/wp-content\/uploads\/2020\/05\/BIBOX3.jpg\" alt=\"\" data-id=\"274\" data-link=\"http:\/\/elyaz.fr\/?attachment_id=274\" class=\"wp-image-274\" srcset=\"https:\/\/elyaz.fr\/wp-content\/uploads\/2020\/05\/BIBOX3.jpg 300w, https:\/\/elyaz.fr\/wp-content\/uploads\/2020\/05\/BIBOX3-150x150.jpg 150w\" sizes=\"(max-width: 300px) 100vw, 300px\" \/><\/figure><\/li><li class=\"blocks-gallery-item\"><figure><img loading=\"lazy\" width=\"1024\" height=\"768\" src=\"http:\/\/elyaz.fr\/wp-content\/uploads\/2020\/05\/IMG_7018-1024x768.jpg\" alt=\"\" data-id=\"278\" data-link=\"http:\/\/elyaz.fr\/?attachment_id=278\" class=\"wp-image-278\" srcset=\"https:\/\/elyaz.fr\/wp-content\/uploads\/2020\/05\/IMG_7018-1024x768.jpg 1024w, https:\/\/elyaz.fr\/wp-content\/uploads\/2020\/05\/IMG_7018-300x225.jpg 300w, https:\/\/elyaz.fr\/wp-content\/uploads\/2020\/05\/IMG_7018-768x576.jpg 768w\" sizes=\"(max-width: 1024px) 100vw, 1024px\" \/><\/figure><\/li><li class=\"blocks-gallery-item\"><figure><img loading=\"lazy\" width=\"300\" height=\"300\" src=\"http:\/\/elyaz.fr\/wp-content\/uploads\/2020\/05\/BIBOX1.jpg\" alt=\"\" data-id=\"273\" data-link=\"http:\/\/elyaz.fr\/?attachment_id=273\" class=\"wp-image-273\" srcset=\"https:\/\/elyaz.fr\/wp-content\/uploads\/2020\/05\/BIBOX1.jpg 300w, https:\/\/elyaz.fr\/wp-content\/uploads\/2020\/05\/BIBOX1-150x150.jpg 150w\" sizes=\"(max-width: 300px) 100vw, 300px\" \/><\/figure><\/li><li class=\"blocks-gallery-item\"><figure><img loading=\"lazy\" width=\"960\" height=\"720\" src=\"http:\/\/elyaz.fr\/wp-content\/uploads\/2020\/05\/12316227_10153719132052381_3212667258767134254_n-1.jpg\" alt=\"\" data-id=\"300\" data-link=\"http:\/\/elyaz.fr\/?attachment_id=300\" class=\"wp-image-300\" srcset=\"https:\/\/elyaz.fr\/wp-content\/uploads\/2020\/05\/12316227_10153719132052381_3212667258767134254_n-1.jpg 960w, https:\/\/elyaz.fr\/wp-content\/uploads\/2020\/05\/12316227_10153719132052381_3212667258767134254_n-1-300x225.jpg 300w, https:\/\/elyaz.fr\/wp-content\/uploads\/2020\/05\/12316227_10153719132052381_3212667258767134254_n-1-768x576.jpg 768w\" sizes=\"(max-width: 960px) 100vw, 960px\" \/><\/figure><\/li><li class=\"blocks-gallery-item\"><figure><img loading=\"lazy\" width=\"1024\" height=\"768\" src=\"http:\/\/elyaz.fr\/wp-content\/uploads\/2020\/05\/IMG_2419-1024x768.jpg\" alt=\"\" data-id=\"276\" data-link=\"http:\/\/elyaz.fr\/?attachment_id=276\" class=\"wp-image-276\" srcset=\"https:\/\/elyaz.fr\/wp-content\/uploads\/2020\/05\/IMG_2419-1024x768.jpg 1024w, https:\/\/elyaz.fr\/wp-content\/uploads\/2020\/05\/IMG_2419-300x225.jpg 300w, https:\/\/elyaz.fr\/wp-content\/uploads\/2020\/05\/IMG_2419-768x576.jpg 768w\" sizes=\"(max-width: 1024px) 100vw, 1024px\" \/><\/figure><\/li><li class=\"blocks-gallery-item\"><figure><img loading=\"lazy\" width=\"479\" height=\"720\" src=\"http:\/\/elyaz.fr\/wp-content\/uploads\/2020\/05\/eclairage_escalier_decotrap_2-2.jpg\" alt=\"\" data-id=\"301\" data-link=\"http:\/\/elyaz.fr\/?attachment_id=301\" class=\"wp-image-301\" srcset=\"https:\/\/elyaz.fr\/wp-content\/uploads\/2020\/05\/eclairage_escalier_decotrap_2-2.jpg 479w, https:\/\/elyaz.fr\/wp-content\/uploads\/2020\/05\/eclairage_escalier_decotrap_2-2-200x300.jpg 200w\" sizes=\"(max-width: 479px) 100vw, 479px\" \/><\/figure><\/li><li class=\"blocks-gallery-item\"><figure><img loading=\"lazy\" width=\"720\" height=\"960\" src=\"http:\/\/elyaz.fr\/wp-content\/uploads\/2020\/05\/12938348_10154011207672381_8287939835255341134_n-1.jpg\" alt=\"\" data-id=\"302\" data-link=\"http:\/\/elyaz.fr\/?attachment_id=302\" class=\"wp-image-302\" srcset=\"https:\/\/elyaz.fr\/wp-content\/uploads\/2020\/05\/12938348_10154011207672381_8287939835255341134_n-1.jpg 720w, https:\/\/elyaz.fr\/wp-content\/uploads\/2020\/05\/12938348_10154011207672381_8287939835255341134_n-1-225x300.jpg 225w\" sizes=\"(max-width: 720px) 100vw, 720px\" \/><\/figure><\/li><\/ul>\n","protected":false},"excerpt":{"rendered":"<p>Pour plus de &nbsp;confort visuel&nbsp;avec&nbsp;ELYAZ, Nous r\u00e9alisons l\u2019\u00e9clairage int\u00e9rieur&nbsp;et&nbsp;ext\u00e9rieur&nbsp;de votre&nbsp;habitat,&nbsp;,de votre&nbsp;commerce&nbsp;ou&nbsp;de&nbsp;votre&nbsp;entreprise.Comp\u00e9tent, votre&nbsp;\u00e9lectricien installateur&nbsp;\u00e0&nbsp;Quimper&nbsp;vous propose&nbsp;l\u2019installation&nbsp;de plusieurs&nbsp;produits d\u2019\u00e9clairage&nbsp;tels que :Les spotsLes lampesLes<\/p>\n","protected":false},"author":1,"featured_media":0,"parent":0,"menu_order":2,"comment_status":"closed","ping_status":"closed","template":"","meta":{"spay_email":""},"_links":{"self":[{"href":"https:\/\/elyaz.fr\/index.php?rest_route=\/wp\/v2\/pages\/40"}],"collection":[{"href":"https:\/\/elyaz.fr\/index.php?rest_route=\/wp\/v2\/pages"}],"about":[{"href":"https:\/\/elyaz.fr\/index.php?rest_route=\/wp\/v2\/types\/page"}],"author":[{"embeddable":true,"href":"https:\/\/elyaz.fr\/index.php?rest_route=\/wp\/v2\/users\/1"}],"replies":[{"embeddable":true,"href":"https:\/\/elyaz.fr\/index.php?rest_route=%2Fwp%2Fv2%2Fcomments&post=40"}],"version-history":[{"count":6,"href":"https:\/\/elyaz.fr\/index.php?rest_route=\/wp\/v2\/pages\/40\/revisions"}],"predecessor-version":[{"id":303,"href":"https:\/\/elyaz.fr\/index.php?rest_route=\/wp\/v2\/pages\/40\/revisions\/303"}],"wp:attachment":[{"href":"https:\/\/elyaz.fr\/index.php?rest_route=%2Fwp%2Fv2%2Fmedia&parent=40"}],"curies":[{"name":"wp","href":"https:\/\/api.w.org\/{rel}","templated":true}]}}